{"id":85,"date":"2014-11-07T16:27:56","date_gmt":"2014-11-07T16:27:56","guid":{"rendered":"http:\/\/siegfried-weyerer.de\/?page_id=85"},"modified":"2014-11-07T20:04:34","modified_gmt":"2014-11-07T20:04:34","slug":"horfunk","status":"publish","type":"page","link":"https:\/\/siegfried-weyerer.de\/?page_id=85","title":{"rendered":"Print Medien"},"content":{"rendered":"<p><a href=\"http:\/\/siegfried-weyerer.de\/wp-content\/uploads\/2014\/11\/zeitungsartikel_01.jpg\"><img loading=\"lazy\" src=\"http:\/\/siegfried-weyerer.de\/wp-content\/uploads\/2014\/11\/zeitungsartikel_01.jpg\" alt=\"zeitungsartikel_01\" width=\"500\" height=\"469\" class=\"alignnone size-full wp-image-162\" srcset=\"https:\/\/siegfried-weyerer.de\/wp-content\/uploads\/2014\/11\/zeitungsartikel_01.jpg 1000w, https:\/\/siegfried-weyerer.de\/wp-content\/uploads\/2014\/11\/zeitungsartikel_01-300x281.jpg 300w, https:\/\/siegfried-weyerer.de\/wp-content\/uploads\/2014\/11\/zeitungsartikel_01-624x585.jpg 624w\" sizes=\"(max-width: 500px) 100vw, 500px\" \/><\/a><br \/>\n<a href=\"http:\/\/siegfried-weyerer.de\/wp-content\/uploads\/2014\/11\/zeitungsartikel_02.jpg\"><img loading=\"lazy\" src=\"http:\/\/siegfried-weyerer.de\/wp-content\/uploads\/2014\/11\/zeitungsartikel_02.jpg\" alt=\"zeitungsartikel_02\" width=\"500\" height=\"357\" class=\"alignnone size-full wp-image-163\" srcset=\"https:\/\/siegfried-weyerer.de\/wp-content\/uploads\/2014\/11\/zeitungsartikel_02.jpg 1000w, https:\/\/siegfried-weyerer.de\/wp-content\/uploads\/2014\/11\/zeitungsartikel_02-300x214.jpg 300w, https:\/\/siegfried-weyerer.de\/wp-content\/uploads\/2014\/11\/zeitungsartikel_02-624x445.jpg 624w\" sizes=\"(max-width: 500px) 100vw, 500px\" \/><\/a><\/p>\n<ul>\n<li>Leiden auf Rezept: Krank durch Medikamente. Wirtschaftswoche.vom 13. Oktober 2014<\/li>\n<li>Alkohol im Alter nur in Ma\u00dfen. Die Rheinpfalz vom 12. Juni 2014<\/li>\n<li>Alkohol im Alter. Christlicher Digest 6\/2014<\/li>\n<li>Alkohol im Heim. Betreutes Trinken verhindert Isolation. Heilberufe\/Das Pflegemagazin 5\/2014<\/li>\n<li>Demenzkranke Menschen schlecht versorgt. Deutsches \u00c4rzteblatt vom 10. Mai 2014<\/li>\n<li>Alkohol im Alter bringt h\u00f6here Risiken mit sich. Augsburger Allgemeine vom 17. M\u00e4rz 2014<\/li>\n<li>\u00c4rzte \u00fcbersehen Demenzerkrankungen h\u00e4ufig. \u00c4rzte Zeitung vom 10. April 2014<\/li>\n<li>Ern\u00e4hrung im Alter \u2013 Alkoholkonsum bei Senioren \u2013 ein Problem? Ern\u00e4hrungsumschau 2\/2014<\/li>\n<li>Alkohol im Alter: Opas Schn\u00e4pschen wird zur Zeitbombe. Stuttgarter Nachrichten vom 19. November 2013<\/li>\n<li>Das bringt 2013! Forschung: Leben auf dem Mars oder ein Alzheimer-Medikament? Reader\u00b4s Digest vom Januar 2013<\/li>\n<li>Alkoholkrank im Alter: Hilfe wird selten gesucht. N\u00fcrnberger Zeitung vom 14. Dezember 2012<\/li>\n<li>Hohe Lebensqualit\u00e4t bis zuletzt. Gesundheitsminister und Altersforscher bei Markt Schwabener Sonntagsbegegnungen. S\u00fcddeutsche Zeitung vom 15. Oktober 2012<\/li>\n<li>Ran an die Stellschrauben. M\u00fcnchner Merkur vom 14. Oktober 2012<\/li>\n<li>Alkoholsucht. Alte werden immer abh\u00e4ngiger. news.de vom 23. Juni 2012<\/li>\n<li>Sucht und Senioren. Wenn \u00e4ltere Patienten mit Suchtproblemen k\u00e4mpfen. Deutsche Apotheker Zeitung vom 24. Mai 2012<\/li>\n<li>Sucht im Alter \u2013 die neue stille Epidemie. \u00c4rzte Zeitung vom 22. April 2012<\/li>\n<li>Omas kleine schlimme Helfer. S\u00fcddeutsche Zeitung Magazin 42\/2012<\/li>\n<li>Alkoholsucht im Alter. Impulse, 1. Quartal 2012<\/li>\n<li>Regular alcohol consumption may help prevent dementia. Dementia Care News vom 10. M\u00e4rz 2011<\/li>\n<li>Birra e vino: consumati con moderazione, proteggono da demenza senile. Newsfood.com vom 3. M\u00e4rz 2011<\/li>\n<li>Glass of wine a day cuts dementia risk. The Telegraph vom 2. M\u00e4rz 2011<\/li>\n<li>Alcohol consumption after age 75 associated with lower risk of developing dementia. ScienceDaily vom 7. M\u00e4rz 2011<\/li>\n<li>Drinking linked to dementia. News Tonight vom 23. Mai 2011<\/li>\n<li>Does alcohol prevent Alzheimer\u00b4s? The Week vom 25. Mai 2011<\/li>\n<li>Alkohol und Alzheimer im Forscherblick. Mannheimer Morgen vom 2. April 2011<\/li>\n<li>Altersleiden Alzheimer. Apotheken Umschau vom 15. Februar 2011<\/li>\n<li>Alzheimer. Mit Demenz k\u00fcnftig anders umgehen. Apotheken Umschau vom 15. Januar 2011Lebens- und Betreuungsqualit\u00e4t in deutschen Pflegeheimen. MedReport Nr. 44, 2009<\/li>\n<li>Alkohol. Ziemliche leichtsinnig. Focus vom 2. November 2009<\/li>\n<li> Trauerarbeit oder Vatermord? Stern Ausgabe 10\/2009<\/li>\n<li>Leben mit Demenz. Wasserburger Zeitung vom 29. September 2009<\/li>\n<li>Vergesslichkeit im Alter: Alkohol kann Ursache sein. dpa\/serviceline vom 12. Juni 2009<\/li>\n<li>Betreuung Demenzerkrankter. Neue Konzepte f\u00fcr station\u00e4re Pflege und den extramuralen Bereich werden entwickelt. \u00c4rzte Woche vom 28. Mai 2009<\/li>\n<li>Gelassenheit in Grenzsituationen. Demente Menschen brauchen R\u00fccksicht auf ihre Eigenarten: Einerfolgreiches Konzept aus Hamburg. S\u00fcddeutsche Zeitung vom 27.\/28. Oktober 2007<\/li>\n<li>Sex, Drugs &#038; Rollstuhl. Tazmag vom 3.\/4. November 2007<\/li>\n<li>Viele Haus\u00e4rzte behandeln suchtkranke Alte \u2013 oft ohne es zu wissen. Interview mit Prof. Siegfried Weyerer in \u201e\u00c4rztliche Praxis\u201c vom 29. Mai 2006<\/li>\n<li>Alzheimer: Schleichender Tod im Gehirn. Westdeutsche Zeitung vom 15. Mai 2006<\/li>\n<li>Alkoholismus unter Senioren nimmt zu. Immer mehr alte Menschen trinken, rauchen oder nehmen Medikamente \u2013 Zu wenige Hilfsangebote. Die Welt vom 25. Januar 2006<\/li>\n<li>Die s\u00fcchtigen Senioren. Frankfurter Neue Presse vom 27. Januar 2006<\/li>\n<li>Sucht im Alter. Nur noch mit Schlafpille. Stern vom 27. Januar 2006<\/li>\n<li>Sucht im Alter wird viel zu sehr untersch\u00e4tzt. Mannheimer Morgen vom 25. Januar 2006<\/li>\n<li>Symposium sorgte f\u00fcr neue Impulse. Der VAF veranstaltete in Zusammenarbeit mit Ackermann clino und ESSER by Honeywell den I. Potsdamer Pflegedialog. Newsletter. Das innovative Magazin f\u00fcr professionellen Brandschutz und Krankenhauskommunikation, 3\/2006 <\/li>\n<li>Sinnvolle Therapie mit Cholinesterasehemmer. Auch das IQWiG bescheinigte Nutzen. Medical Tribune vom Dezember 2006<\/li>\n<li>Stille Nacht mit Valium. Der Spiegel vom 20. September 1999<\/li>\n<li>Weniger Personal f\u00fcr die alten Menschen. Die Pflegeversicherung und der Heimalltag. Stuttgarter Zeitung vom 7. Juli 1998<\/li>\n<li>Pillen statt Personal. Alte Menschen schlucken zu viele Beruhigungsmittel, aber zu wenige Menikamente gegen Niedergeschlagenheit. S\u00fcddeutsche Zeitung vom 2. November 1998<\/li>\n<li>Wenn ein Blick in die Augen zum Luxus wird. DerAlltag im Pflegeheim ist h\u00e4rter geworden \/ Schlechtere Bedingungen auch f\u00fcr Helfer. Frankfurter Allgemeine Zeitung vom 19. Juni 1997<\/li>\n<li>Pflegeversicherung erh\u00f6ht den Stress in Altenheimen. Wissenschaftler untersuchen Arbeitsbelastung f\u00fcr Besch\u00e4ftigte \/ Personal oft unterqualifiziert. Frankfurter Rundschau vom 6. Mai 1997<\/li>\n<li>Was die Senioren m\u00fcde und tattrig macht. Haus\u00e4rzte verordnen vor allem in Altenheimen gef\u00e4hrlich viele Psychopharmaka. S\u00fcddeutsche Zeitung vom 13. Juni 1996<\/li>\n<li>\u201eHirn-Jogging jenseits der 80. Mannheimer Morgen vom 24. Mai 1991<\/li>\n<li>Alterssport steckt in den Kinderschuhen. Mannheimer Morgen vom 21. Juni 1989<\/li>\n<\/ul>\n","protected":false},"excerpt":{"rendered":"<p>Leiden auf Rezept: Krank durch Medikamente. Wirtschaftswoche.vom 13. Oktober 2014 Alkohol im Alter nur in Ma\u00dfen. Die Rheinpfalz vom 12. Juni 2014 Alkohol im Alter. Christlicher Digest 6\/2014 Alkohol im Heim. Betreutes Trinken verhindert Isolation. Heilberufe\/Das Pflegemagazin 5\/2014 Demenzkranke Menschen schlecht versorgt. Deutsches \u00c4rzteblatt vom 10. Mai 2014 Alkohol im Alter bringt h\u00f6here Risiken mit [&hellip;]<\/p>\n","protected":false},"author":1,"featured_media":0,"parent":0,"menu_order":0,"comment_status":"closed","ping_status":"closed","template":"","meta":[],"_links":{"self":[{"href":"https:\/\/siegfried-weyerer.de\/index.php?rest_route=\/wp\/v2\/pages\/85"}],"collection":[{"href":"https:\/\/siegfried-weyerer.de\/index.php?rest_route=\/wp\/v2\/pages"}],"about":[{"href":"https:\/\/siegfried-weyerer.de\/index.php?rest_route=\/wp\/v2\/types\/page"}],"author":[{"embeddable":true,"href":"https:\/\/siegfried-weyerer.de\/index.php?rest_route=\/wp\/v2\/users\/1"}],"replies":[{"embeddable":true,"href":"https:\/\/siegfried-weyerer.de\/index.php?rest_route=%2Fwp%2Fv2%2Fcomments&post=85"}],"version-history":[{"count":9,"href":"https:\/\/siegfried-weyerer.de\/index.php?rest_route=\/wp\/v2\/pages\/85\/revisions"}],"predecessor-version":[{"id":168,"href":"https:\/\/siegfried-weyerer.de\/index.php?rest_route=\/wp\/v2\/pages\/85\/revisions\/168"}],"wp:attachment":[{"href":"https:\/\/siegfried-weyerer.de\/index.php?rest_route=%2Fwp%2Fv2%2Fmedia&parent=85"}],"curies":[{"name":"wp","href":"https:\/\/api.w.org\/{rel}","templated":true}]}}