{"id":351,"date":"2015-01-09T21:49:31","date_gmt":"2015-01-09T21:49:31","guid":{"rendered":"http:\/\/siegfried-weyerer.de\/?page_id=351"},"modified":"2015-03-16T14:32:59","modified_gmt":"2015-03-16T14:32:59","slug":"vita-2","status":"publish","type":"page","link":"https:\/\/siegfried-weyerer.de\/?page_id=351","title":{"rendered":"Vita"},"content":{"rendered":"<p><a href=\"http:\/\/siegfried-weyerer.de\/wp-content\/uploads\/2014\/11\/Karikatur.jpg\"><img loading=\"lazy\" class=\" size-full wp-image-171 alignnone\" src=\"http:\/\/siegfried-weyerer.de\/wp-content\/uploads\/2014\/11\/Karikatur.jpg\" alt=\"Karikatur\" width=\"250\" height=\"351\" srcset=\"https:\/\/siegfried-weyerer.de\/wp-content\/uploads\/2014\/11\/Karikatur.jpg 1000w, https:\/\/siegfried-weyerer.de\/wp-content\/uploads\/2014\/11\/Karikatur-213x300.jpg 213w, https:\/\/siegfried-weyerer.de\/wp-content\/uploads\/2014\/11\/Karikatur-728x1024.jpg 728w, https:\/\/siegfried-weyerer.de\/wp-content\/uploads\/2014\/11\/Karikatur-624x877.jpg 624w\" sizes=\"(max-width: 250px) 100vw, 250px\" \/><\/a><\/p>\n<p><em>\u201eWege, die in die Zukunft f\u00fchren, liegen nie als Wege vor uns. Sie werden zu Wegen erst dadurch,<br \/>\ndass man sie geht.\u201d \u00a0<\/em>Franz Kafka<\/p>\n<hr \/>\n<p><b>Ausbildung<\/b><\/p>\n<p>1958-1967<br \/>\nChiemgau-Gymnasium, Traunstein\/Oberbayern (Abitur)<\/p>\n<p>1969-1976<br \/>\nStudium von Psychologie und Soziologie an den Universit\u00e4ten M\u00fcnchen und Salzburg<\/p>\n<p>1976<br \/>\nPromotion zum Dr. phil. (summa cum laude) mit dem Thema \u201eEpidemiologie psychischer St\u00f6rungen und psychiatrische Versorgung\u201c<\/p>\n<p>1994<br \/>\nHabilitation (Dr. phil. habil.) an der Universit\u00e4t Heidelberg: \u201ePr\u00e4valenz und Verlauf von Depression und Demenz bei Altenheimbewohnern in Mannheim und Camden (London). Ergebnisse repr\u00e4sentativer Querschnitts- und Longitudinalstudien\u201c<\/p>\n<p>2002<br \/>\nVerleihung des Zertifikats \u201eEpidemiologie\u201c durch die Deutsche Gesellschaft f\u00fcr Epidemiologie<\/p>\n<hr \/>\n<p><b>Beruflicher Werdegang<\/b><\/p>\n<p>1976-1985<br \/>\nWissenschaftlicher Angestellter an der Psychiatrischen\u00a0Universit\u00e4tsklinik M\u00fcnchen und stellvertretender Projektleiter der Oberbayerischen Feld- und Verlaufsstudie (Sonderforschungsbereich 116 \u201ePsychiatrische Epidemiologie\u201c)<\/p>\n<p>1985-1987<br \/>\nLeiter des Psychiatrischen Fallregisters am Zentralinstitut f\u00fcr\u00a0Seelische Gesundheit in Mannheim<\/p>\n<p>1987-2008<br \/>\nLeiter der Arbeitsgruppe Psychogeriatrie am Zentralinstitut f\u00fcr Seelische Gesundheit in Mannheim<\/p>\n<p>1995<br \/>\nAntrittsvorlesung und Ernennung zum Privatdozenten<\/p>\n<p>1998-2006<br \/>\nSprecher des Zentrums f\u00fcr Epidemiologie und Versorgungsforschung am Zentralinstitut f\u00fcr Seelische Gesundheit in Mannheim<\/p>\n<p>Seit 2000<br \/>\nAu\u00dferplanm\u00e4\u00dfiger Professor f\u00fcr Epidemiologie<\/p>\n<p>Seit 2008<br \/>\nLeiter der Arbeitsgruppe Psychiatrische Epidemiologie und Demographischer Wandel am Zentralinstitut f\u00fcr Seelische Gesundheit in Mannheim<\/p>\n<hr \/>\n<p><b>Arbeits- und Forschungsschwerpunkte<\/b><\/p>\n<ul>\n<li>Deskriptive und analytische Epidemiologie psychischer Erkrankungen auf verschiedenen Versorgungsebenen (Gemeinde, Prim\u00e4r\u00e4rzte, ambulante, teilstation\u00e4re und station\u00e4re Einrichtungen der Altenhilfe)<\/li>\n<li>Gesundheit und demographischer Wandel<\/li>\n<li>Multimorbidit\u00e4t und Multimedikation<\/li>\n<li>Epidemiologie und Versorgung von depressiven und demenziellen Erkrankungen<\/li>\n<li>Determinanten und Auswirkungen des Medikamentengebrauchs und des Alkoholkonsums im h\u00f6heren Lebensalter<\/li>\n<li>Erforschung der Lebenssituation und Gesundheitsrisiken von Bewohnern und Pflegepersonen in Altenpflegeheimen<\/li>\n<li>Evaluations- und Versorgungsforschung<\/li>\n<\/ul>\n<hr \/>\n<p><b>Fortbildung<\/b><\/p>\n<p>1975<br \/>\nAnwendung des &#8220;Clinical Interview Schedule&#8221; nach Prof. Dr. David Goldberg (Universit\u00e4t Manchester) zur Erfassung psychischer Erkrankungen im Rahmen von Gemeinde- und Hausarztstudien<\/p>\n<p>1980<br \/>\nAnwendung des von Prof. Dr. George Brown (Universit\u00e4t London) entwickelten &#8220;Life Event and Difficulty Schedule&#8221;<\/p>\n<p>1984<br \/>\nAnwendung des von Dr. Christine Vaughn (Universit\u00e4t London) entwickelten &#8220;Camberwell Family Interview&#8221; zur Erfassung von &#8220;Expressed Emotion&#8221;<\/p>\n<p>1986<br \/>\nAnwendung des von Prof. Dr. Barry Gurland (Columbia University, New York) entwickelten CARE-Interviews zur Erfassung von k\u00f6rperlichen Erkrankungen\/Behinderungen, psychischen Beeintr\u00e4chtigungen, sozialen Problemen und der Inanspruchnahme von medizinischen Einrichtungen bei \u00e4lteren Menschen (Comprehensive Assessment and Referral Evaluation)<br \/>\nAnwendung der Brief Assessment Scale (Prof. Dr. Anthony Mann, Royal Free Hospital der Universit\u00e4t London) zur Erfassung von Depression und Demenz bei \u00e4lteren Menschen<\/p>\n<hr \/>\n<p><b>Weitere akademische Aktivit\u00e4ten<\/b><\/p>\n<p>Seit 1976<br \/>\nPublikation von \u00fcber 400 Zeitschriftenartikeln, Buchkapiteln und B\u00fcchern<\/p>\n<p>Seit 1976<br \/>\nVorlesungen\/Seminare auf dem Gebiet der Epidemiologie, Altersforschung, Medizinsoziologie an den Universit\u00e4ten in M\u00fcnchen, Heidelberg, Fribourg (Schweiz) und an der Columbia University in\u00a0 New York;<br \/>\nBetreuung zahlreicher medizinischer und psychologischer Dissertationen<\/p>\n<p>Seit 1985<br \/>\nLeitung zahlreicher nationaler und internationaler Forschungsprojekte\u00a0(BMBF, BMFSFJ, DFG, Ministerium f\u00fcr Arbeit, Gesundheit und Sozialordnung in Baden-W\u00fcrttemberg, Europ\u00e4ische Union)<br \/>\nAktuelle Projekte:<\/p>\n<ul>\n<li>Health and Demographic Changes\/EU INTERREG IVB<br \/>\nLaufzeit: 01\/2008 bis 12\/2012<\/li>\n<li>AgeCoDe: German Study on Ageing, Cognition and Dementia in Primary Care Patients\/BMBF<br \/>\nLaufzeit: 01\/2007 bis 04\/2017<\/li>\n<li>MultiCare: Patterns of multimorbidity in primary health care \u2013 a prospective observational study\/BMBF<br \/>\nLaufzeit: 01\/2008 bis 12\/2013<\/li>\n<li>AgeMooDe: Late-life depression in primary care: needs, health care utilization and cost\/BMBF<br \/>\nLaufzeit: 02\/2012 bis 01\/2015<\/li>\n<li>INTERPROF: Interprofessional collaboration and communication in nursing homes: a qualitative exploration of problems in medical care for nursing home residents and development of improvement strategies\/BMBF<br \/>\nLaufzeit: 02\/2012 bis 01\/2015<\/li>\n<\/ul>\n<p>Seit 1985<br \/>\nMitgliedschaft in Berufsverb\u00e4nden<\/p>\n<ul>\n<li>Deutsche Gesellschaft f\u00fcr Gerontologie und Geriatrie<\/li>\n<li>Deutsche Gesellschaft f\u00fcr Sozialmedizin und Pr\u00e4vention<\/li>\n<li>Deutsche Gesellschaft f\u00fcr Suchtforschung und Suchttherapie<\/li>\n<li>Deutsche Arbeitsgemeinschaft f\u00fcr Epidemiologie<\/li>\n<li>European Psychiatric Association<\/li>\n<li>International Society for Pharmacoepidemiology<\/li>\n<li>Society for Epidemiologic Research<\/li>\n<li>The New York Academy of Sciences<\/li>\n<li>American Public Health Association<\/li>\n<\/ul>\n<p>Seit 1985<br \/>\nGutachter- und Beratungst\u00e4tigkeit (u. a. f\u00fcr folgende Institutionen)<\/p>\n<ul>\n<li>Ministerium f\u00fcr Arbeit, Gesundheit und Sozialordnung in Baden- W\u00fcrttemberg (Prim\u00e4r\u00e4rztliche Versorgung, Geriatrie, Demenz; Sucht im Alter)<\/li>\n<li>BMBF (F\u00f6rderschwerpunkt Public Health; Lebensqualit\u00e4t bei Demenzkranken)<\/li>\n<li>Deutsche Forschungsgemeinschaft (Psychiatrische Epidemiologie)<\/li>\n<li>Bundesministerium f\u00fcr Gesundheit (Sucht im Alter)<\/li>\n<li>Landtag Baden-W\u00fcrttemberg (Untersuchungsausschuss: Menschenw\u00fcrde und Selbstbestimmung im Alter)<\/li>\n<li>Landtag Bayern (Medikamentensucht im Alter)<\/li>\n<li>Landtag Nordrhein-Westfalen (Medikamentengebrauch und Lebensqualit\u00e4t im Heim)<\/li>\n<li>Robert-Koch Institut (Gesundheitsberichterstattung des Bundes)<\/li>\n<li>Selbstkontrollkommission des Sonderforschungsbereichs 258 an der Universit\u00e4t Heidelberg (Indikatoren und Risikomodelle f\u00fcr Entstehung und Verlauf psychischer St\u00f6rungen)<\/li>\n<li>Institut f\u00fcr Gerontologie der Universit\u00e4t Heidelberg (Lebensqualit\u00e4t bei demenzkranken Menschen; HILDE-Projekt)<\/li>\n<li>Arbeitskreis Benzodiazepinbehandlung an der Freien Universit\u00e4t Berlin (Der sachgerechte Umgang mit Benzodiazepinen: Offene, vordringliche Fragen in der Benzodiazepinbehandlung)<\/li>\n<li>Technische Universit\u00e4t Dresden, S\u00e4chsischer Forschungsverbund \u201ePublic Health\u201c (Pr\u00e4diktoren psychischer Gesundheit bzw. Krankheit bei \u00dcbergang von der Jugend zum Erwachsenenalter)<\/li>\n<li>Bundeszentrale f\u00fcr gesundheitliche Aufkl\u00e4rung in K\u00f6ln (Suchtpr\u00e4vention im Rahmen der Kurzfilmreihe \u201eGesundheit\u201c)<\/li>\n<li>Berufsgenossenschaft f\u00fcr Gesundheitsdienst und Wohlfahrtspflege (Arbeitsbelastung in der Pflege)<\/li>\n<li>Deutsche Alzheimer Gesellschaft (Die pflegerische Versorgung demenzkranker Menschen)<\/li>\n<li>Lilly Pharma Unternehmen (Kritische \u00dcberpr\u00fcfung: &#8220;The Resource Utilization in Dementia (RUD) Questionaire&#8221;)<\/li>\n<li>VAF Bundesverband Telekommunikation\/Honeywell (Demenz und Technik)<\/li>\n<li>Institut f\u00fcr Sozialforschung und Gesellschaftspolitik in K\u00f6ln (Psychisch Behinderte in der Region Ostth\u00fcringen)<\/li>\n<li>Deutsch-ungarisches Abkommen \u00fcber die Zusammenarbeit auf dem Gebiet des Gesundheitswesens und der medizinischen Wissenschaft (Suizidforschung)<\/li>\n<li>Fonds zur F\u00f6rderung der wissenschaftlichen Forschung in \u00d6sterreich (Pflegeforschung)<\/li>\n<li>Ludwig-Boltzmann Institut in \u00d6sterreich (Health and Nursing Economics)<\/li>\n<li>Bundesministerium f\u00fcr Gesundheit und Sozialministerium (\u00d6sterreichischer Demenzbericht 2014)<\/li>\n<li>WHO-Division of Mental Health in Geneva (The Prevention of Mental and Neurological Disorders)<\/li>\n<li>WHO-Regional Office for Europe in Copenhagen (Primary Health Care; Approaches to Stress Management in the Community Setting)<\/li>\n<li>The Wellcome Trust in London (Psychiatric Epidemiology and Primary Care)<\/li>\n<li>Alzheimer\u00b4s Disease Society in London (Dementia Research)<\/li>\n<li>Datamonitor Healthcare in London (Epidemiology of Mental Disorders in the Community)<\/li>\n<li>Norwegian Ministry of Health and Care Services (Psychiatric Epidemiology)<\/li>\n<li>The German-Israeli Foundation for Scientific Research and Development (Beliefs and Knowledge Regarding Mild Cognitive Impairment)<\/li>\n<li>Mac Arthur Foundation Mental Health Research Network I: Psychobiology of Depression and Other Affective Disorders: Prof. Dr. David Kupfer, Pittsburgh University, and Prof. Dr. Kathleen Merikangas, Yale University, USA (Task Force on Comorbidity and Boundaries of Affective Disorders)<\/li>\n<\/ul>\n<p>Seit 1985<br \/>\nReviewer (u. a. f\u00fcr folgende Zeitschriften):<\/p>\n<ul>\n<li>Archives of General Psychiatry<\/li>\n<li>Acta Psychiatrica Scandinavica<\/li>\n<li>Psychological Medicine<\/li>\n<li>Social Psychiatry and Psychiatric Epidemiology<\/li>\n<li>European Archives of Psychiatry and Clinical Neuroscience<\/li>\n<li>Psychosomatic Research<\/li>\n<li>Psychiatry Research<\/li>\n<li>European Psychiatry<\/li>\n<li>The International Journal of Psychiatry in Medicine<\/li>\n<li>Journal of Affective Disorders<\/li>\n<li>SLEEP<\/li>\n<li>International Journal of Geriatric Psychiatry<\/li>\n<li>Age and Ageing<\/li>\n<li>International Psychogeriatrics<\/li>\n<li>Current Pharmaceutical Design<\/li>\n<li>Social Science and Medicine<\/li>\n<li>International Migration Review<\/li>\n<\/ul>\n<p>1987-2012<br \/>\nSekret\u00e4r der Sektion \u201eEpidemiology and Social Psychiatry\u201c der EuropeanPsychiatric Association; Organisation zahlreicher Symposien und Kongresse<\/p>\n<p>1990-2000<br \/>\nMitglied des Beirats der Zeitschrift \u201eVerhaltenstherapie\u201c (Karger Verlag,\u00a0 Freiburg)<\/p>\n<p>2000-2003<br \/>\nMitglied der Sachverst\u00e4ndigenkommission f\u00fcr den Vierten Altenbericht der Bundesregierung zu dem Thema \u201eRisiken im hohen Alter unter besonderer Ber\u00fccksichtigung von Demenz \u2013 Herausforderung an Politik, Wissenschaft und Gesellschaft\u201c<\/p>\n<p>2006-2013<br \/>\nRedakteur bei der Zeitschrift Sucht (Verlag Hans Huber, Bern)<\/p>\n<p>Seit 2003<br \/>\nMitbegr\u00fcnder und -herausgeber der Reihe \u201eGrundriss Gerontologie\u201c beim Kohlhammer Verlag, Stuttgart<\/p>\n<p>Seit 2003<br \/>\nMitglied im Sachverst\u00e4ndigenrat der Bundeskonferenz zur Qualit\u00e4tssicherung im Gesundheits- und Pflegewesen<\/p>\n<p>Seit 2006<br \/>\nMitglied des Wissenschaftlichen Kuratoriums der Deutschen Hauptstelle f\u00fcr Suchtfragen e.V.<\/p>\n<p>2009<br \/>\nForschungspreis des Norddeutschen Suchtforschungsverbunds f\u00fcr herausragende Arbeiten auf dem Gebiet der klinischen suchtversorgungs-relevanten Forschung.<\/p>\n<p>Seit 2010<br \/>\nIm Rahmen der Zusammenarbeit zwischen der Weltgesundheitsorganisation und dem Zentralinstitut f\u00fcr Seelische Gesundheit: verantwortlich f\u00fcr das Projekt \u201eEntwicklung von Konzepten und Evaluierung innovativer Modelle der Langzeitversorgung f\u00fcr Menschen mit Demenz\u201c<\/p>\n","protected":false},"excerpt":{"rendered":"<p>\u201eWege, die in die Zukunft f\u00fchren, liegen nie als Wege vor uns. Sie werden zu Wegen erst dadurch, dass man sie geht.\u201d \u00a0Franz Kafka Ausbildung 1958-1967 Chiemgau-Gymnasium, Traunstein\/Oberbayern (Abitur) 1969-1976 Studium von Psychologie und Soziologie an den Universit\u00e4ten M\u00fcnchen und Salzburg 1976 Promotion zum Dr. phil. (summa cum laude) mit dem Thema \u201eEpidemiologie psychischer St\u00f6rungen [&hellip;]<\/p>\n","protected":false},"author":1,"featured_media":0,"parent":0,"menu_order":0,"comment_status":"closed","ping_status":"open","template":"","meta":[],"_links":{"self":[{"href":"https:\/\/siegfried-weyerer.de\/index.php?rest_route=\/wp\/v2\/pages\/351"}],"collection":[{"href":"https:\/\/siegfried-weyerer.de\/index.php?rest_route=\/wp\/v2\/pages"}],"about":[{"href":"https:\/\/siegfried-weyerer.de\/index.php?rest_route=\/wp\/v2\/types\/page"}],"author":[{"embeddable":true,"href":"https:\/\/siegfried-weyerer.de\/index.php?rest_route=\/wp\/v2\/users\/1"}],"replies":[{"embeddable":true,"href":"https:\/\/siegfried-weyerer.de\/index.php?rest_route=%2Fwp%2Fv2%2Fcomments&post=351"}],"version-history":[{"count":20,"href":"https:\/\/siegfried-weyerer.de\/index.php?rest_route=\/wp\/v2\/pages\/351\/revisions"}],"predecessor-version":[{"id":453,"href":"https:\/\/siegfried-weyerer.de\/index.php?rest_route=\/wp\/v2\/pages\/351\/revisions\/453"}],"wp:attachment":[{"href":"https:\/\/siegfried-weyerer.de\/index.php?rest_route=%2Fwp%2Fv2%2Fmedia&parent=351"}],"curies":[{"name":"wp","href":"https:\/\/api.w.org\/{rel}","templated":true}]}}