{"id":295,"date":"2015-01-04T13:00:21","date_gmt":"2015-01-04T13:00:21","guid":{"rendered":"http:\/\/siegfried-weyerer.de\/?page_id=295"},"modified":"2020-11-14T17:10:24","modified_gmt":"2020-11-14T17:10:24","slug":"symposien-pressekonferenzen-expertenhearings","status":"publish","type":"page","link":"https:\/\/siegfried-weyerer.de\/?page_id=295","title":{"rendered":"Symposien \/ Pressekonferenzen \/ Expertenhearings"},"content":{"rendered":"<p><a href=\"http:\/\/siegfried-weyerer.de\/wp-content\/uploads\/2014\/11\/signatureInterreg4-125.jpg\"><img loading=\"lazy\" class=\"alignnone  wp-image-201\" src=\"http:\/\/siegfried-weyerer.de\/wp-content\/uploads\/2014\/11\/signatureInterreg4-125.jpg\" alt=\"signatureInterreg4 125\" width=\"500\" height=\"744\" \/><\/a><\/p>\n<ul>\n<li>Together with Sir David Goldberg Chairman\u00a0 of the Plenary\u00a0 Session &#8220;Development and\u00a0 Challenges in Social Psychiatry&#8221;. 19th Congress of the Section of Epidemiology and Social Psychiatry of the European Psychiatric Association in Vienna (Austria), April\u00a0 4-7, 2018.<\/li>\n<li>Chairman of the Keynote Lectures of Louise Howard \u201ePregnancy outcome in women with psychosis\u201d and Sonia Johnson \u201cCrisis care in England: evidence and implementation\u201d at the 17th EPA Section Meeting (Epidemiology and Social Psychiatry: Disease Burden and Service Delivery) in Ulm, Germany, May 21-24, 2014<\/li>\n<li>Pressekonferenz im Rahmen des 17. DGPPN-Hauptstadtsymposiums \u201eVom Gesundheitswesen vergessen? Demenzkranke in der medizinischen Versorgung\u201c. Berlin, 9. April 2014<\/li>\n<li>Ambulanter Entzug benzodiazepinabh\u00e4ngiger Patienten in Zusammenarbeit von Apotheker und Hausarzt. Expertengespr\u00e4ch im Bundesministerium f\u00fcr Gesundheit in Berlin, 19. November 2013<\/li>\n<li>Experte f\u00fcr \u201eSuchterkrankungen, speziell Medikamenten- und Alkoholsucht\u201c im Rahmen der 7. Berliner Woche der Seelischen Gesundheit. Im Fokus: Seelische Gesundheit im Alter. Aktionsb\u00fcndnis Seelische Gesundheit, Berlin, 10. &#8211; 20. Oktober 2013<\/li>\n<li>Press Conference. XIV. International Congress of the International Federation of Psychiatric Epidemiology. The Westin Hotel Leipzig, Germany, June 4, 2013<\/li>\n<li>Chairman of the Symposium \u201cSuicide: Risk and protective factors\u201d. XIV. International Congress of the International Federation of Psychiatric Epidemiology. The Westin Hotel Leipzig, Germany, June 5-8, 2013<\/li>\n<li>Chairman of the Symposium \u201cOld age population based studies\u201d. XIV. International Congress of the International Federation of Psychiatric Epidemiology. The Westin Hotel Leipzig, Germany, June 5-8, 2013<\/li>\n<li>Chairman of the Symposium \u201cChildhood mental health\u201d. XIV. International Congress of the International Federation of Psychiatric Epidemiology. The Westin Hotel Leipzig, Germany, June 5-8, 2013<\/li>\n<li>Alt werden-Gesundheit. Dr. Marcel Huber (Bayerischer Staatsminister f\u00fcr Umwelt und Gesundheit) im Gespr\u00e4ch mit Prof. Dr. Siegfried Weyerer. Sonntagsbegnungen: B\u00fcrgersaal im Unterbr\u00e4u, Markt Schwaben, 13. Oktober 2012<\/li>\n<li>Chairman von Forum 205 \u201eGesellschaft im Wandel \u2013 \u201eneue\u201c Zielgruppen der Suchthilfe\u201c. Fachkonferenz der Deutschen Hauptstelle f\u00fcr Suchtfragen (DHS) e.V. zu dem Thema \u201eDer Mensch im Mittelpunkt \u2013 Erfolgreiche Suchthilfe in Deutschland\u201c. Phiharmonie Essen, 8. &#8211; 10. November 2010<\/li>\n<li>Chairman of the Session \u201cOld Age Psychiatry I\u201d, EPA Symposium in Bergen (Norway), June 16-19, 2010<\/li>\n<li>Chairman of the Session \u201cHealth Services Research III\u201d, EPA Symposium in Bergen (Norway), June 16-19, 2010<\/li>\n<li>Meet the Expert. Braindays 2009 in Rust, Austria, 24.- 29. Mai 2009<\/li>\n<li>Chairman of the Symposium Epidemiology of Mental Disorders in Old Age. 12. International Conference of the International Federation of Psychiatric Epidemiology. Vienna, April 16-19, 2009<\/li>\n<li>Chairman of the Poster Session \u201cHealth Service Research\u201d. 12. International Conference of the International Federation of Psychiatric Epidemiology. Vienna, April 16-19, 2009<\/li>\n<li>ZEIT WISSEN Zukunftswerkstatt: Demenz \u2013 Die neue Volkskrankheit? Altes Pfandhaus in K\u00f6ln, 3. Februar 2009<\/li>\n<li>Workshop \u201eSucht in der Altenpflege\u201c. Deutsche Hauptstelle f\u00fcr Suchtfragen e. V. in Berlin, 19. November 2008<\/li>\n<li>ZEIT WISSEN Zukunftswerkstatt: Demenz \u2013 Die neue Volkskrankheit? H\u00f6rsaalruine der Charit\u00e9 in Berlin, 14. Oktober 2008<\/li>\n<li>Epidemiologische Bedeutung der Alzheimer \u2013Demenz. Pressekonferenz, NH Hotel Berlin Mitte, 29. Januar 2008<\/li>\n<li>Leitung des Workshops \u201eSucht und Alter\u201c. Fachkonferenz SUCHT 2006 zu dem Thema \u201eSucht und Lebensalter\u201c der Deutschen Hauptstelle f\u00fcr Suchtfragen (DHS) e.V. in Dresden, 13.-15. November 2006<\/li>\n<li>Leitung des Workshops \u201eSuchtpr\u00e4vention im Alter\u201c. Diakonisches Werk, Neum\u00fcnster, 18. Oktober 2006<\/li>\n<li>Chairman of the Session \u201eOld age psychiatry\u201c. 13th Symposium of the Association of European Psychiatrists (AEP) Section Epidemiology and Social Psychiatry. Bordeaux, France, June 14-17, 2006<\/li>\n<li>Epidemiologie zur Gesundheit im Alter. Fachgespr\u00e4ch \u201eGesundheit im Alter\u201c. Bundesministerium f\u00fcr Bildung und Forschung, Berlin, 12. April 2006<\/li>\n<li>Leitung des Workshops \u201eSuchtprobleme im h\u00f6heren Alter\u201c. Jahreskonferenz der Selbsthilfeverb\u00e4nde in der Hessischen Landesstelle f\u00fcr Suchtfragen zu dem Thema \u201eMedikamentenmissbrauch in unterschiedlichen Lebensphasen\u201c, Frankfurt, 11. M\u00e4rz 2006<\/li>\n<li>Determinants and Consequences of Psychiatric Illness. 12th Symposium of the AEP Section Epidemiology and Social Psychiatry in Mannheim, June 23-26, 2004<\/li>\n<li>\u00dcber-, Unter- und Fehlversorgung bez\u00fcglich der Medikamenteneinnahme bei Frauen in Altenheimen. Experten-Anh\u00f6rung im Nordrhein-Westf\u00e4lischen Landtag; Enquete Kommission \u201eZukunf einer frauengerechten Gesundheitsversorgung in NRW\u201c, D\u00fcsseldorf, 5. September 2002<\/li>\n<li>Medikamentensucht im Alter. Anh\u00f6rung zu dem Thema \u201eMedikamentenabh\u00e4ngigkeit\u201c. Bayerischer Landtag in M\u00fcnchen, 26. Januar 2001<\/li>\n<li>Chairman der Session des Zentrums f\u00fcr Epidemiologie und Versorgungsforschung im Rahmen des Festsymposiums \u201e25 Jahre Zentralinstitut f\u00fcr Seelische Gesundheit\u201c, Mannheim, 27. \u2013 29. Juni 2001<\/li>\n<li>Chairman des Symposiums \u201eDementia and its Care in Europe. 10th Congress of the Association of European Psychiatrists in Prague, Czech Republic, October 28-November 1, 2000<\/li>\n<li>Leitung des Workshops \u201eSchlaf und Substanzabh\u00e4ngigkeit\u201c. Kongress 2000 der Deutschen Gesellschaft f\u00fcr Psychiatrie, Psychotherapie und Nervenheilkunde in Aachen, 20. \u2013 23. September 2000<\/li>\n<li>Chairman des Symposiums \u201eCare for the Mentally Ill Elderly \u2013 Evidence from Epidemiology\u201c. 19th Danube Symposium of Psychiatry \u201eProspects for Psychiatric Patients in the New Millenium \u2013 Ways towards Mental Health\u201c in Linz, Austria, June 15 \u2013 17, 2000<\/li>\n<li>Leitung des Workshops \u201ePsychiatric Epidemiology\u201c. 19th Danube Symposium of Psychiatry \u201eProspects for Psychiatric Patients in the New Millenium \u2013 Ways towards Mental Health\u201c in Linz, Austria, June 15 \u2013 17, 2000<\/li>\n<li>Chairman des Symposiums \u201eDisablement and Depression in Late Life. Perspectives from Epidemiological and Health Services Research\u201c. 10th European Symposium of the Association of European Psychiatrists, Section \u201eEpidemiology and Social Psychiatry in Budapest, Hungary, April 6-8, 2000<\/li>\n<li>Chairman des Symposiums \u201eEpidemiology in Old Age\u201c. 20th Annual Conference of the International Society for Clinical Biostatistics and 44. Jahrestagung der Deutschen Gesellschaft f\u00fcr Medizinische Informatik, Biometrie und Epidemiologie. Heidelberg, September. 13 \u2013 17, 1999<\/li>\n<li>Chairman des Symposiums \u201eEpidemiology of Psychotropic Drug Use\u201c. Symposium der World Psychiatric Association (Section of Epidemiology and Public Health) in Turku, Finnland, August 1-4, 1999<\/li>\n<li>Chairman des Symposiums \u201ePrevalence and Course of Cognitive Impairment in Old Age\u201c. Symposium der World Psychiatric Association (Section of Epidemiology and Public Health) in Turku, Finnland, August 1-4, 1999<\/li>\n<li>Chairman des Symposiums \u201eManaging the Psychosomatic Patient\u201c. First International Congress of Consultation Liaison Psychiatry and Psychosomatics in Porto, Portugal, May 4-8, 1999<\/li>\n<li>Chairman des Symposiums \u201eNew Topics\u201c. 9th European Symposium \u201eEpidemiology of Mental Disorders: Towards Integration of Biological and Psychosocial Factors\u201c in Beaune, France, April 16-18, 1998<\/li>\n<li>Chairman des Symposiums \u201eMental Illness and Caregiving in the Elderly. 9th European Symposium in Beaune, France, April 16-18, 1998<\/li>\n<li>Chairman des Symposiums \u201cArbeitsbelastungen in der Altenpflege: Aktueller Forschungsstand und Interventionsans\u00e4tze\u201d. Gemeinsame Tagung der Fachbereiche der Deutschen Gesellschaft f\u00fcr Gerontologie und Geriatrie in Kooperation mit der Deutschen Gesellschaft f\u00fcr Geriatrie zu dem Thema \u201cWandel des Sozialstaats. Auswirkungen auf Gerontologie und Geriatrie\u201d, M\u00fcnchen, 9.-11. Oktober.1997<\/li>\n<li>Chairman des Geriatrischen Symposiums \u201cPsychiatrische Erkrankungen im Alter: Epidemiologie und Versorgung.\u201d Wissenschaftliche Jahrestagung der Deutschen Gesellschaft f\u00fcr Sozialmedizin und Pr\u00e4vention und der Deutschen Gesellschaft f\u00fcr Medizinische Soziologie \u00fcber \u201cSozialmedizin in Theorie und Praxis\u201d, Schwerin, 29. September -1. Oktober 1997<\/li>\n<li>Chairman der Sitzung \u201cStudies on Influence of Symptomatology\u201d auf dem Symposium \u201cMental Disorder and Violence. Results of Epidemiological Studies in the Era of Deinstitutionalisation\u201d. Universit\u00e4t Leipzig, 26.-28. Juni 1997<\/li>\n<li>Chairman der Sitzung \u201cPossible Determinants of Violence\u201d auf dem Symposium \u201cMental Disorder and Violence. Results of Epidemiological Studies in the Era of Deinstitutionalisation\u201d. Universit\u00e4t Leipzig, 26.-28. Juni 1997<\/li>\n<li>Chairman der Gespr\u00e4chsrunde \u00fcber \u201cAbh\u00e4ngigkeit und Missbrauch von Alkohol und Medikamenten in Alten- und Altenpflegeheimen.\u201d 12. Wissenschaftliches Symposium der Deutschen Hauptstelle gegen die Suchtgefahren e. V. (DHS) \u00fcber \u201cAlte Menschen &#8211; Substanzmissbrauch und Vorsorge\u201d in der Evangelischen Akademie in Tutzing\/Starnberger See, 16. April 1997<\/li>\n<li>Chairman des Symposiums \u201cVerlauf dementieller Erkrankungen\u201d. 1. Kongress der Bayerischen Alzheimer Gesellschaften \u00fcber \u201cPraktische Umsetzung wissenschaftlicher Erkenntnisse f\u00fcr die Therapie und Versorgung dementiell Erkrankter\u201d in Erlangen, 25.-26. Oktober.1996<\/li>\n<li>Chairman der Sitzung \u201cInstitutionelle Versorgung alter Menschen\u201d. 3. Kongress der Deutschen Gesellschaft f\u00fcr Gerontologie und Geriatrie \u00fcber \u201cAltern in Gesundheit und Krankheit\u201d in Leipzig, 18.\u201121. September 1996<\/li>\n<li>K\u00f6rperliche Aktivit\u00e4t im h\u00f6heren Alter. Podiumsdiskussion am Institut f\u00fcr Sportwissenschaft der Universit\u00e4t Heidelberg, 13. Februar 1996<\/li>\n<li>Chairman der Session \u201cResidential Services\u201d. 7. Congress of the International Psychogeriatric Association on \u201cSpirit in Ageing\u201d in Sydney (Australia), Oct. 29-Nov.3, 1995<\/li>\n<li>Chairman der Sitzung \u00fcber \u201cNicht-professionelle Hilfen\u201d. Workshop \u201cPsychiatrie und Public Health\u201d am Zentralinstitut f\u00fcr Seelische Gesundheit in Mannheim, 27.-28. April 1995<\/li>\n<li>Chairman der Plenary Session \u201cServices, Costs, and Diagnosis. 7th European Symposium der \u201cAssociation of European Psychiatrists\u201d (AEP) in Wien \u00fcber \u201cQuality of Life\u201d, April 7-9, 1994<\/li>\n<li>Chairman der Plenary Session \u201cGender and Age Differences in Mental Disorders\u201d. 6.\u00a0European Symposium on \u201cPsychiatric Epidemiology and Social Psychiatry\u201d, Z\u00fcrich, Schweiz, April 8-10, 1992<\/li>\n<li>Chairman des Symposiums \u201cEpidemiology of Mental Disorders Among the Elderly\u201c. 5. Congress of the International Psychogeriatric Association, Rome, Italy, Aug 18-23, 1991<\/li>\n<li>Chairman des Symposiums \u201cWhat is Schizophrenia? An Updating of Research\u201d Regional Symposium \u201cChanging Psychiatry in Changing Societies\u201d, World Psychiatric Association, Budapest, Hungary, Aug 23-25, 1991<\/li>\n<li>Methodische Beratung der Berliner Altersstudie. Max-Planck-Institut f\u00fcr Bildungsforschung, Berlin, 26. Februar 1990<\/li>\n<li>The Detection of Mental Disorders by Primary Health Care Physician and Psychiatric Interviewer: the Importance of Sociodemographic and Clinical Factors. Consultation on Psychosocial Interventions in Primary Health Care Settings in Europe. World Health Organisation Collaborating Centre for Research and Training in Mental Health, Sofia, Bulgaria, November 1-3, 1989<\/li>\n<li>Methodological Issues (Discussant). 5. European Symposium on Social Psychiatry and Public Health. Manchester, England, April 12-14, 1989<\/li>\n<li>Workshop \u201cCamberwell Family Interview\u201d. M\u00fcnchen, 3. -7. Oktober 1983 Together with Sir David Goldberg Chairman\u00a0 of the Plenary\u00a0 Session &#8220;Development and\u00a0 Challenges in Social Psychiatry&#8221;. 19th Congress of the Section of Epidemiology and Social Psychiatry of the European Psychiatric Association in Vienna (Austria), April\u00a0 4-7, 2018.<\/li>\n<\/ul>\n","protected":false},"excerpt":{"rendered":"<p>Together with Sir David Goldberg Chairman\u00a0 of the Plenary\u00a0 Session &#8220;Development and\u00a0 Challenges in Social Psychiatry&#8221;. 19th Congress of the Section of Epidemiology and Social Psychiatry of the European Psychiatric Association in Vienna (Austria), April\u00a0 4-7, 2018. Chairman of the Keynote Lectures of Louise Howard \u201ePregnancy outcome in women with psychosis\u201d and Sonia Johnson \u201cCrisis [&hellip;]<\/p>\n","protected":false},"author":1,"featured_media":0,"parent":0,"menu_order":0,"comment_status":"closed","ping_status":"closed","template":"","meta":[],"_links":{"self":[{"href":"https:\/\/siegfried-weyerer.de\/index.php?rest_route=\/wp\/v2\/pages\/295"}],"collection":[{"href":"https:\/\/siegfried-weyerer.de\/index.php?rest_route=\/wp\/v2\/pages"}],"about":[{"href":"https:\/\/siegfried-weyerer.de\/index.php?rest_route=\/wp\/v2\/types\/page"}],"author":[{"embeddable":true,"href":"https:\/\/siegfried-weyerer.de\/index.php?rest_route=\/wp\/v2\/users\/1"}],"replies":[{"embeddable":true,"href":"https:\/\/siegfried-weyerer.de\/index.php?rest_route=%2Fwp%2Fv2%2Fcomments&post=295"}],"version-history":[{"count":7,"href":"https:\/\/siegfried-weyerer.de\/index.php?rest_route=\/wp\/v2\/pages\/295\/revisions"}],"predecessor-version":[{"id":491,"href":"https:\/\/siegfried-weyerer.de\/index.php?rest_route=\/wp\/v2\/pages\/295\/revisions\/491"}],"wp:attachment":[{"href":"https:\/\/siegfried-weyerer.de\/index.php?rest_route=%2Fwp%2Fv2%2Fmedia&parent=295"}],"curies":[{"name":"wp","href":"https:\/\/api.w.org\/{rel}","templated":true}]}}