{"id":28,"date":"2014-10-08T09:17:21","date_gmt":"2014-10-08T09:17:21","guid":{"rendered":"http:\/\/siegfried-weyerer.de\/?page_id=28"},"modified":"2015-03-16T14:25:00","modified_gmt":"2015-03-16T14:25:00","slug":"impressum","status":"publish","type":"page","link":"https:\/\/siegfried-weyerer.de\/?page_id=28","title":{"rendered":"Impressum"},"content":{"rendered":"<p>Prof. Dr. Siegfried Weyerer<br \/>\nZimmerbachstra\u00dfe 4<br \/>\nD-69469 Weinheim<\/p>\n<p>Telefon: 06201-66706<br \/>\nE-Mail: <a href=\"mailto:info@siegfried-weyerer.de\">info@siegfried-weyerer.de<\/a><br \/>\nInternet: <a href=\"http:\/\/www.siegfried-weyerer.de\/\" target=\"_blank\">www.siegfried-weyerer.de<\/a><\/p>\n<p><strong>Inhaltlich Verantwortlicher gem\u00e4\u00df \u00a7 55 Absatz 2 RStV: <\/strong><br \/>\nProf. Dr. Weyerer, Zimmerbachstra\u00dfe 4, D-69469 Weinheim<br \/>\n<strong>Bildnachweise: <\/strong><br \/>\nSonntagsbegegnung Markt Schwaben, Ernst Zimmermann; andere Fotos: Teresa Kaufeler<\/p>\n<p><strong>Haftung f\u00fcr Inhalte<\/strong><br \/>\nDie Inhalte unserer Seite wurden mit gr\u00f6\u00dfter Sorgfalt erstellt. F\u00fcr die Richtigkeit, Vollst\u00e4ndigkeit und Aktualit\u00e4t der Inhalte k\u00f6nnen wir jedoch keine Gew\u00e4hr \u00fcbernehmen.<br \/>\nUrheberrecht<br \/>\nWir sind bem\u00fcht, stets die Urheberrechte anderer zu beachten und ausschlie\u00dflich auf selbst erstellte sowie lizenzfreie Werke zur\u00fcckzugreifen. Die durch uns erstellten Inhalte und Werke auf diesen Seiten unterliegen dem deutschen Urheberrecht. Beitr\u00e4ge Dritter sind als solche gekennzeichnet. Jede Art der Verwertung au\u00dferhalb der Grenzen des Urheberrechts, insbesondere in Form der Vervielf\u00e4ltigung, Bearbeitung oder Verbreitung bedarf der schriftlichen Zustimmung des jeweiligen Autors bzw. Erstellers. Downloads und Kopien dieser Seite sind nur f\u00fcr den privaten, nicht kommerziellen Gebrauch gestattet. Ebenso ist das Setzen eines Links auf die Inhalte dieser Seiten im Rahmen eines Internetauftritts Dritter gestattet, sofern dabei die Urheberschaft des Werkschaffenden erkennbar bleibt (sog. &#8220;Surface Links&#8221; oder &#8220;Deep Links&#8221;). \u2028\u2028Datenschutz \u2028Der Nutzung von im Rahmen der Impressumspflicht ver\u00f6ffentlichten Kontaktdaten durch Dritte zur \u00dcbersendung von nicht ausdr\u00fccklich angeforderter Werbung und Informationsmaterialien wird hiermit ausdr\u00fccklich widersprochen. Der Betreiber dieser Seiten beh\u00e4lt sich f\u00fcr den Fall der unverlangten Zusendung von Werbeinformationen, etwa durch Spam-Mails, ausdr\u00fccklich rechtliche Schritte vor.<br \/>\nDatenschutzerkl\u00e4rung<br \/>\nEinleitung<br \/>\nWir nehmen den Schutz Ihrer Daten sehr ernst. Jegliche Daten, die Sie \u00fcber die Webseite von \u201eInternet:\u00a0<a href=\"http:\/\/www.siegfried-weyerer.de\/\" target=\"_blank\">www.siegfried-weyerer.de<\/a>\u201c zur Verf\u00fcgung stellen, werden im Einklang mit den anwendbaren datenschutzrechtlichen Bestimmungen erhoben und genutzt.<\/p>\n<p><strong>\u00a7 1 Allgemeines<\/strong><br \/>\nIhre personenbezogenen Daten (Name, E-Mail Adresse, IP-Adresse etc.) werden von uns nur gem\u00e4\u00df den Bestimmungen des deutschen Datenschutzrechts erhoben, verarbeitet und genutzt. Die nachfolgenden Vorschriften informieren Sie \u00fcber Art, Umfang und Zweck der Erhebung, Verarbeitung und Nutzung Ihrer personenbezogener Daten. Sollten Sie Fragen zum Datenschutz haben, so wenden Sie sich bitte an:<br \/>\nProf. Dr. Siegfried Weyerer<br \/>\nZimmerbachstra\u00dfe 4<br \/>\n69469 Weinheim<br \/>\nTelefon: 06201-66706<br \/>\nE-Mail: <a href=\"mailto:info@siegfried-weyerer.de\">info@siegfried-weyerer.de<\/a><br \/>\n(2) Diese Datenschutzerkl\u00e4rung bezieht sich nur auf unsere Webseiten. Falls Sie \u00fcber Links auf unseren Seiten auf andere Seiten weitergeleitet werden, informieren Sie sich bitte dort \u00fcber den jeweiligen Umgang mit Ihren Daten.<\/p>\n<p><strong> \u00a7 2 Automatische Datenerfassung<\/strong><br \/>\nAus technischen Gr\u00fcnden werden folgende Daten, die Ihr Internet-Browser an uns \u00fcbermittelt, erfasst: Browsertyp und -version, verwendetes Betriebssystem, Webseite, von der aus Sie uns besuchen (Referrer URL), Webseite, die Sie besuchen, Datum und Uhrzeit Ihres Zugriffs, Ihre Internet Protokoll (IP)-Adresse.<br \/>\nDiese Daten werden getrennt von Ihren eventuell angegebenen personenbezogenen Daten gespeichert. Sie werden zu statistischen Zwecken ausgewertet, um unseren Internetauftritt und unsere Angebote optimieren zu k\u00f6nnen. Nach der Auswertung werden diese Daten gel\u00f6scht.<\/p>\n<p><strong>\u00a7 3 Bestandsdaten<\/strong><br \/>\n(1) Die unter \u00a7 1 Abs. I bezeichneten personenbezogenen Daten werden nur erhoben, verarbeitet und genutzt, soweit dies zur Erf\u00fcllung unseres Angebotes erforderlich ist (Bestandsdaten). Wir verwenden die von Ihnen bei der Nutzung von Kontaktformularen mitgeteilten Daten ohne ihre gesonderte Einwilligung ausschlie\u00dflich zur Erf\u00fcllung und Abwicklung Ihrer Kontaktanfrage. Namen und Identit\u00e4t von Besuchern bleiben uns unbekannt. Ohne Ihre ausdr\u00fcckliche Einwilligung oder ohne gesetzliche Grundlage werden Ihre personenbezogenen Daten nicht an au\u00dferhalb stehende Dritte weitergegeben.<br \/>\n(2) Auf Anordnung der zust\u00e4ndigen Stellen d\u00fcrfen wir im Einzelfall Auskunft \u00fcber Bestandsdaten erteilen, soweit dies f\u00fcr Zwecke der Strafverfolgung, zur Gefahrenabwehr durch die Polizeibeh\u00f6rden der L\u00e4nder, zur Erf\u00fcllung der gesetzlichen Aufgaben der Verfassungsschutzbeh\u00f6rden des Bundes und der L\u00e4nder, des Bundesnachrichtendienstes oder des Milit\u00e4rischen Abschirmdienstes oder zur Durchsetzung der Rechte am geistigen Eigentum erforderlich ist.<\/p>\n<p><strong> \u00a7 4 Informationen \u00fcber Cookies<\/strong><br \/>\n(1) Es werden sog. Cookies zum Wiedererkennen mehrfacher Nutzung eines Angebots durch denselben Nutzer eingesetzt. Cookies sind kleine Textdateien, die Ihr Internet-Browser auf Ihrem Rechner ablegt und speichert. Wenn Sie unsere Seite erneut aufrufen, geben diese Cookies Informationen ab, um Sie automatisch wieder zu erkennen. Diese Wiedererkennung erfolgt aufgrund Ihrer in den Cookies gespeicherten IP-Adresse. Die so erlangten Informationen dienen dazu Ihnen einen leichteren Zugang auf unsere Seite zu erm\u00f6glichen.<br \/>\n(2) Das Speichern von Cookies auf Ihrer Festplatte k\u00f6nnen Sie verhindern, indem Sie in Ihren Browser-Einstellungen &#8220;keine Cookies akzeptieren&#8221; w\u00e4hlen. Dies kann aber eine Funktionseinschr\u00e4nkung unserer Angebote zur Folge haben.<\/p>\n<p><strong>\u00a7 5 Google Analytics<\/strong><br \/>\nDiese Website benutzt Google Analytics, einen Webanalysedienst der Google Inc. (\u201eGoogle\u201c). Google Analytics verwendet sog. \u201eCookies\u201c, Textdateien, die auf Ihrem Computer gespeichert werden und die eine Analyse der Benutzung der Website durch Sie erm\u00f6glichen. Die durch den Cookie erzeugten Informationen \u00fcber Ihre Benutzung dieser Website (einschlie\u00dflich Ihrer IP-Adresse) wird an einen Server von Google in den USA \u00fcbertragen und dort gespeichert.<br \/>\nIm Falle der Aktivierung der IP-Anonymisierung auf dieser Webseite wird Ihre IP-Adresse von Google jedoch innerhalb von Mitgliedstaaten der Europ\u00e4ischen Union oder in anderen Vertragsstaaten des Abkommens \u00fcber den Europ\u00e4ischen Wirtschaftsraum zuvor gek\u00fcrzt.<br \/>\nNur in Ausnahmef\u00e4llen wird die volle IP-Adresse an einen Server von Google in den USA \u00fcbertragen und dort gek\u00fcrzt. Im Auftrag des Betreibers dieser Website wird Google diese Informationen benutzen, um Ihre Nutzung der Website auszuwerten, um Reports \u00fcber die Websiteaktivit\u00e4ten zusammenzustellen und um weitere mit der Websitenutzung und der Internetnutzung verbundene Dienstleistungen gegen\u00fcber dem Websitebetreiber zu erbringen. Die im Rahmen von Google Analytics von Ihrem Browser \u00fcbermittelte IP-Adresse wird nicht mit anderen Daten von Google zusammengef\u00fchrt.<br \/>\nSie k\u00f6nnen die Speicherung der Cookies durch eine entsprechende Einstellung Ihrer Browser-Software verhindern; wir weisen Sie jedoch darauf hin, dass Sie in diesem Fall gegebenenfalls nicht s\u00e4mtliche Funktionen dieser Website vollumf\u00e4nglich werden nutzen k\u00f6nnen. Sie k\u00f6nnen dar\u00fcber hinaus die Erfassung der durch das Cookie erzeugten und auf Ihre Nutzung der Website bezogenen Daten (inkl. Ihrer IP-Adresse) an Google sowie die Verarbeitung dieser Daten durch Google verhindern, indem sie das unter dem folgenden Link verf\u00fcgbare Browser-Plugin herunterladen und installieren: <a href=\"http:\/\/tools.google.com\/dlpage\/gaoptout?hl=de\" target=\"_blank\">HYPERLINK<\/a>\u00a0N\u00e4here Informationen zu Nutzungsbedingungen und Datenschutz finden Sie unter: <a href=\"http:\/\/www.google.com\/analytics\/terms\/de.html\" target=\"_blank\">HYPERLINK<\/a>\u00a0Analytics Bedingungen: <a href=\"http:\/\/www.google.com\/intl\/de\/analytics\/privacyoverview.html\" target=\"_blank\">HYPERLINK<\/a>\u00a0Wir weisen Sie darauf hin, dass auf dieser Webseite Google Analytics um den Code &#8220;gat._anonymizeIp();&#8221; erweitert wurde, um eine anonymisierte Erfassung von IP-Adressen (sog. IP-Masking) zu gew\u00e4hrleisten.\u00a0Sie k\u00f6nnen Google Analytics auch mit Add-Ons f\u00fcr Ihren Browser komplett verhindern, z. B. mit dem Skript-Blocker \u201eNoScript\u201c (<a href=\"http:\/\/noscript.net\/\" target=\"_blank\">HYPERLINK<\/a>)<\/p>\n<p><strong>\u00a7 6 Google AdSense<\/strong><br \/>\nDiese Website benutzt Google Adsense, einen Webanzeigendienst der Google Inc., USA (\u201dGoogle\u201d). Google Adsense verwendet sog. \u201dCookies\u201d (Textdateien), die auf Ihrem Computer gespeichert werden und die eine Analyse der Benutzung der Website durch Sie erm\u00f6glicht. Google Adsense verwendet auch sog. \u201dWeb Beacons\u201d (kleine unsichtbare Grafiken) zur Sammlung von Informationen. Durch die Verwendung des Web Beacons k\u00f6nnen einfache Aktionen wie der Besucherverkehr auf der Webseite aufgezeichnet und gesammelt werden. Die durch den Cookie und\/oder Web Beacon erzeugten Informationen \u00fcber Ihre Benutzung diese Website (einschlie\u00dflich Ihrer IP-Adresse) werden an einen Server von Google in den USA \u00fcbertragen und dort gespeichert. Google wird diese Informationen benutzen, um Ihre Nutzung der Website im Hinblick auf die Anzeigen auszuwerten, um Reports \u00fcber die Websiteaktivit\u00e4ten und Anzeigen f\u00fcr die Websitebetreiber zusammenzustellen und um weitere mit der Websitenutzung und der Internetnutzung verbundene Dienstleistungen zu erbringen. Auch wird Google diese Informationen gegebenenfalls an Dritte \u00fcbertragen, sofern dies gesetzlich vorgeschrieben oder soweit Dritte diese Daten im Auftrag von Google verarbeiten. Google wird in keinem Fall Ihre IP-Adresse mit anderen Daten der Google in Verbindung bringen. Das Speichern von Cookies auf Ihrer Festplatte und die Anzeige von Web Beacons k\u00f6nnen Sie verhindern, indem Sie in Ihren Browser-Einstellungen \u201dkeine Cookies akzeptieren\u201d w\u00e4hlen (Im MS Internet-Explorer unter \u201dExtras &gt; Internetoptionen &gt; Datenschutz &gt; Einstellung\u201d; im Firefox unter \u201dExtras &gt; Einstellungen &gt; Datenschutz &gt; Cookies\u201d); wir weisen Sie jedoch darauf hin, dass Sie in diesem Fall gegebenenfalls nicht s\u00e4mtliche Funktionen dieser Website voll umf\u00e4nglich nutzen k\u00f6nnen. Durch die Nutzung dieser Website erkl\u00e4ren Sie sich mit der Bearbeitung der \u00fcber Sie erhobenen Daten durch Google in der zuvor beschriebenen Art und Weise und zu dem zuvor benannten Zweck einverstanden.<\/p>\n<p><strong>\u00a7 7 Verwendung von Social Plugins<\/strong><br \/>\nDieser Internetauftritt verwendet Social Plugins von verschiedenen sozialen Netzwerken. Wenn Sie eine Seite dieses Internetauftritts aufrufen, die ein solches Plugin enth\u00e4lt, baut Ihr Browser eine direkte Verbindung mit den Servern des Social Plugins auf. Der Inhalt des Plugins wird direkt an Ihren Browser \u00fcbermittelt und von diesem in die Webseite eingebunden. Durch die Einbindung des Plugins erh\u00e4lt das jeweilige soziale Netzwerk die Information, dass Sie die entsprechende Seite dieses Internetauftritts aufgerufen haben. Sind Sie bei dem entsprechenden sozialen Netzwerk eingeloggt, kann dieses den Besuch Ihrem Account zuordnen. Wenn Sie mit den Plugins interagieren, zum Beispiel den \u201cGef\u00e4llt mir\u201d Button bet\u00e4tigen oder einen Kommentar abgeben, wird die entsprechende Information von Ihrem Browser direkt an den jeweiligen Anbieter \u00fcbermittelt und dort evtl. gespeichert. Wenn Sie nicht m\u00f6chten, dass ein Social Plugin \u00fcber diesen Internetauftritt Daten \u00fcber Sie sammelt, m\u00fcssen Sie sich vor dem Besuch dieses Internetauftritts bei dem jeweiligen Netzwerk ausloggen. Zweck und Umfang der Datenerhebung und die weitere Verarbeitung und Nutzung der Daten durch die sozialen Netzwerke, sowie Ihre diesbez\u00fcglichen Rechte und Einstellungsm\u00f6glichkeiten zum Schutz Ihrer Privatsph\u00e4re entnehmen Sie bitte den jeweiligen Datenschutzhinweisen der Anbieter.<\/p>\n<p><strong>\u00a7 8 Auskunft<\/strong><br \/>\nAuf Verlangen wird Ihnen Auskunft \u00fcber die zu Ihrer Person gespeicherten Daten, deren Herkunft und Empf\u00e4nger sowie den Zweck der Datenverarbeitung erteilt. Die Auskunft kann Ihnen auf Wunsch auch elektronisch erteilt werden. Bitte wenden Sie sich zur Auskunftserteilung an Prof. Dr. Weyerer vgl. Kontakt in \u00a7 1.<\/p>\n<p><strong>Webdesign: <a href=\"http:\/\/philhimmelmann.de\/\" target=\"_blank\">Phil Himmelmann<\/a><\/strong><\/p>\n","protected":false},"excerpt":{"rendered":"<p>Prof. Dr. Siegfried Weyerer Zimmerbachstra\u00dfe 4 D-69469 Weinheim Telefon: 06201-66706 E-Mail: info@siegfried-weyerer.de Internet: www.siegfried-weyerer.de Inhaltlich Verantwortlicher gem\u00e4\u00df \u00a7 55 Absatz 2 RStV: Prof. Dr. Weyerer, Zimmerbachstra\u00dfe 4, D-69469 Weinheim Bildnachweise: Sonntagsbegegnung Markt Schwaben, Ernst Zimmermann; andere Fotos: Teresa Kaufeler Haftung f\u00fcr Inhalte Die Inhalte unserer Seite wurden mit gr\u00f6\u00dfter Sorgfalt erstellt. F\u00fcr die Richtigkeit, Vollst\u00e4ndigkeit [&hellip;]<\/p>\n","protected":false},"author":1,"featured_media":0,"parent":0,"menu_order":0,"comment_status":"closed","ping_status":"closed","template":"","meta":[],"_links":{"self":[{"href":"https:\/\/siegfried-weyerer.de\/index.php?rest_route=\/wp\/v2\/pages\/28"}],"collection":[{"href":"https:\/\/siegfried-weyerer.de\/index.php?rest_route=\/wp\/v2\/pages"}],"about":[{"href":"https:\/\/siegfried-weyerer.de\/index.php?rest_route=\/wp\/v2\/types\/page"}],"author":[{"embeddable":true,"href":"https:\/\/siegfried-weyerer.de\/index.php?rest_route=\/wp\/v2\/users\/1"}],"replies":[{"embeddable":true,"href":"https:\/\/siegfried-weyerer.de\/index.php?rest_route=%2Fwp%2Fv2%2Fcomments&post=28"}],"version-history":[{"count":17,"href":"https:\/\/siegfried-weyerer.de\/index.php?rest_route=\/wp\/v2\/pages\/28\/revisions"}],"predecessor-version":[{"id":451,"href":"https:\/\/siegfried-weyerer.de\/index.php?rest_route=\/wp\/v2\/pages\/28\/revisions\/451"}],"wp:attachment":[{"href":"https:\/\/siegfried-weyerer.de\/index.php?rest_route=%2Fwp%2Fv2%2Fmedia&parent=28"}],"curies":[{"name":"wp","href":"https:\/\/api.w.org\/{rel}","templated":true}]}}