{"id":23,"date":"2014-10-08T09:04:24","date_gmt":"2014-10-08T09:04:24","guid":{"rendered":"http:\/\/siegfried-weyerer.de\/?page_id=23"},"modified":"2015-01-04T11:14:11","modified_gmt":"2015-01-04T11:14:11","slug":"publikationen-in-buchern","status":"publish","type":"page","link":"https:\/\/siegfried-weyerer.de\/?page_id=23","title":{"rendered":"B\u00fccher"},"content":{"rendered":"<p><a href=\"http:\/\/www.amazon.de\/Siegfried-Weyerer\/e\/B00455CVUS\" target=\"_blank\">Meine B\u00fccher bei Amazon<\/a><\/p>\n<ul>\n<li>Marwedel U, Weyerer S, Sch\u00e4ufele M (2013) Demenzielle Erkrankungen. Europa Lehrmittel-Verlag, Haan-Gruiten<\/li>\n<li>Sch\u00e4ufele M, Hendlmeier I, Teufel, K\u00f6hler L, Weyerer S (2008) Demenzkranke in der station\u00e4ren Altenhilfe: Aktuelle Inanspruchnahme, Versorgungskonzepte und Trends am Beispiel Baden-W\u00fcrttembergs. Kohlhammer, Stuttgart<\/li>\n<li>Sch\u00e4ufele M, Hendlmeier I, Lode S, Weyerer S (2008) Mobilit\u00e4t und Sicherheit bei Menschen mit demenziellen Einschr\u00e4nkungen in station\u00e4ren Einrichtungen. Economica, Verlagsgruppe H\u00fcthig Jehle Rehm, Heidelberg<\/li>\n<li>Weyerer S, Ding-Greiner C, Kaufeler T, Marwedel U (2008) Epidemiologie k\u00f6rperlicher Erkrankungen und Einschr\u00e4nkungen im Alter. Kohlhammer, Stuttgart<\/li>\n<li>Bredenkamp R, Beyreuther K, Bruder J, Kurz A, Langehennig M, Pr\u00fcml-Philippsen U Tillmann C, von der Damerau-Dambrowski V, Weller M, Weyerer S (2007) Die Krankheit fr\u00fchzeitig auffangen. Robert Bosch Stiftung (Ed) Gemeinsam f\u00fcr ein besseres Leben mit Demenz. Huber, Bern<\/li>\n<li>Weyerer S, Bickel H (2007) Epidemiologie psychischer Erkrankungen im h\u00f6heren Lebensalter. Kohlhammer, Stuttgart<\/li>\n<li>Weyerer S, Sch\u00e4ufele M, Hendlmeier I, Kofahl C, Sattel H (2006) Demenzkranke Menschen in Pflegeeinrichtungen (2006): Besondere und traditionelle Versorgung im Vergleich. Kohlhammer, Stuttgart<\/li>\n<li>Weyerer S (2005) Altersdemenz. Gesundheitsberichterstattung des Bundes, Robert Koch-Institut, Berlin<\/li>\n<li>Hirsch RD, Kastner U, unter Mitarbeit von. Gro\u00dfjohann K, Holler G, Leidinger F, Netz P, Weyerer S, Wojnar J, Wolter DK (2004) Heimbewohner mit psychischen St\u00f6rungen \u2013 Expertise. Forum Band 38, Kuratorium Deutsche Altershilfe, K\u00f6ln<\/li>\n<li>Zimber A, Weyerer S (Eds) (1999) Arbeitsbelastung in der Altenpflege. Verlag f\u00fcr Angewandte Psychologie, G\u00f6ttingen<\/li>\n<li>Zimber A, Weyerer S (1998) Stress in der station\u00e4ren Altenpflege. Arbeitsbedingungen und Arbeitsbelastungen in Heimen. Kuratorium Deutsche Altershilfe, K\u00f6ln<\/li>\n<li>Havemann-Reinecke U, Weyerer S, Fleischmann H (Eds) (1998) Alkohol und Medikamente, Missbrauch und Abh\u00e4ngigkeit im Alter. Lambertus Verlag, Freiburg<\/li>\n<li>Werle J, Rieder H, Weyerer S, Schilling F, Sch\u00fcle K, Jahn D, Innenmoser J, Kuckuck R, Brehm W, Huber G (1996) Forschung im Sport mit Sondergruppen. Schwerpunkte-Methoden-Perspektiven. Taschenbuch. Ruprecht-Karls-Universit\u00e4t Heidelberg<\/li>\n<li>Fichter MM unter Mitarbeit von Meller I, Witzke W, Weyerer S, Rehm J, Dilling H, Elton M (1990) Verlauf psychischer Erkrankungen in der Bev\u00f6lkerung. Springer Verlag, Berlin-Heidelberg-New York<\/li>\n<li>Klees B, Weyerer S (Eds) (1986) Weg vom Fenster. Arbeitslosigkeit und ihre Folgen. Nachrichten-Verlags-GmbH, Frankfurt am Main<\/li>\n<li>Dilling H, Weyerer S, Castell R (1984) Psychische Erkankungen in der Bev\u00f6lkerung. Eine Felduntersuchung zur psychiatrischen Morbidit\u00e4t und zur Inanspruchnahme \u00e4rztlicher Institutionen in drei kleinst\u00e4dtisch-l\u00e4ndlichen Gemeinden des Landkreises Traunstein\/Oberbayern. Ferdinand Enke Verlag, Stuttgart<\/li>\n<li>Weyerer S, Lindauer B (1979) Wirtschaftskrisen, Arbeitslosigkeit und psychische Erkrankung. \u00dcbersetzung von M. Harvey Brenner: Mental Illness and the Economy. Urban und Schwarzenberg, M\u00fcnchen &#8211; Wien &#8211; Baltimore<\/li>\n<li>Dilling H, Weyerer S (1978) Epidemiologie psychischer St\u00f6rungen und psychiatrische Versorgung. Urban und Schwarzenberg, M\u00fcnchen &#8211; Wien &#8211; Baltimore<\/li>\n<\/ul>\n","protected":false},"excerpt":{"rendered":"<p>Meine B\u00fccher bei Amazon Marwedel U, Weyerer S, Sch\u00e4ufele M (2013) Demenzielle Erkrankungen. Europa Lehrmittel-Verlag, Haan-Gruiten Sch\u00e4ufele M, Hendlmeier I, Teufel, K\u00f6hler L, Weyerer S (2008) Demenzkranke in der station\u00e4ren Altenhilfe: Aktuelle Inanspruchnahme, Versorgungskonzepte und Trends am Beispiel Baden-W\u00fcrttembergs. Kohlhammer, Stuttgart Sch\u00e4ufele M, Hendlmeier I, Lode S, Weyerer S (2008) Mobilit\u00e4t und Sicherheit bei Menschen [&hellip;]<\/p>\n","protected":false},"author":1,"featured_media":0,"parent":0,"menu_order":0,"comment_status":"closed","ping_status":"closed","template":"","meta":[],"_links":{"self":[{"href":"https:\/\/siegfried-weyerer.de\/index.php?rest_route=\/wp\/v2\/pages\/23"}],"collection":[{"href":"https:\/\/siegfried-weyerer.de\/index.php?rest_route=\/wp\/v2\/pages"}],"about":[{"href":"https:\/\/siegfried-weyerer.de\/index.php?rest_route=\/wp\/v2\/types\/page"}],"author":[{"embeddable":true,"href":"https:\/\/siegfried-weyerer.de\/index.php?rest_route=\/wp\/v2\/users\/1"}],"replies":[{"embeddable":true,"href":"https:\/\/siegfried-weyerer.de\/index.php?rest_route=%2Fwp%2Fv2%2Fcomments&post=23"}],"version-history":[{"count":10,"href":"https:\/\/siegfried-weyerer.de\/index.php?rest_route=\/wp\/v2\/pages\/23\/revisions"}],"predecessor-version":[{"id":281,"href":"https:\/\/siegfried-weyerer.de\/index.php?rest_route=\/wp\/v2\/pages\/23\/revisions\/281"}],"wp:attachment":[{"href":"https:\/\/siegfried-weyerer.de\/index.php?rest_route=%2Fwp%2Fv2%2Fmedia&parent=23"}],"curies":[{"name":"wp","href":"https:\/\/api.w.org\/{rel}","templated":true}]}}