{"id":2,"date":"2014-10-08T07:16:05","date_gmt":"2014-10-08T07:16:05","guid":{"rendered":"http:\/\/siegfried-weyerer.de\/?page_id=2"},"modified":"2015-01-04T14:35:50","modified_gmt":"2015-01-04T14:35:50","slug":"sample-page","status":"publish","type":"page","link":"https:\/\/siegfried-weyerer.de\/","title":{"rendered":"Startseite"},"content":{"rendered":"<p><em>\u201eGar nicht krank ist auch nicht gesund\u201d \u00a0<\/em> Karl Valentin<\/p>\n<p><a href=\"http:\/\/siegfried-weyerer.de\/wp-content\/uploads\/2014\/11\/sigi1.jpg\"><img loading=\"lazy\" class=\" size-full wp-image-183 alignright\" src=\"http:\/\/siegfried-weyerer.de\/wp-content\/uploads\/2014\/11\/sigi1.jpg\" alt=\"sigi\" width=\"166\" height=\"250\" \/><\/a><\/p>\n<p><strong>Herzlich Willkommen!<\/strong><\/p>\n<p>Sch\u00f6n, dass Sie sich f\u00fcr meine Arbeit interessieren. Aufgrund meiner langj\u00e4hrigen Lehr- und Forschungst\u00e4tigkeit an der Psychiatrischen Universit\u00e4tsklinik M\u00fcnchen und am Zentralinstitut f\u00fcr Seelische Gesundheit in Mannheim verf\u00fcge ich \u00fcber umfangreiche Erfahrungen auf folgenden Arbeitsgebieten:<\/p>\n<ul>\n<li>Ziele, Aufgaben und Methoden der Epidemiologie<\/li>\n<li>H\u00e4ufigkeit, Verlauf, Risiken und Folgen psychischer und k\u00f6rperlicher Erkrankungen auf verschiedenen Versorgungsebenen (Gemeinde, Haus\u00e4rzte, ambulante und station\u00e4re medizinische und pflegerische Einrichtungen)<\/li>\n<li>Determinanten und Auswirkungen des Gebrauchs und Missbrauchs von Alkohol und Medikamenten<\/li>\n<li>Zusammenhang zwischen Alkoholkonsum und Demenz<\/li>\n<li>Besondere und traditionelle Versorgung demenzkranker Menschen<\/li>\n<li>Arbeitsbelastungen und Gesundheitsrisiken in der Pflege<\/li>\n<li>Evaluation von Versorgungseinrichtungen<\/li>\n<li>Lebensqualit\u00e4t und Wohlbefinden im h\u00f6heren Alter<\/li>\n<\/ul>\n<p><strong>Was kann ich f\u00fcr Sie tun?<\/strong><\/p>\n<ul>\n<li>Vortr\u00e4ge\/Referate, Moderation<\/li>\n<li>Organisation von Symposien und Fortbildungsveranstaltungen<\/li>\n<li>Beratung von \u00f6ffentlichen und privaten Institutionen, Industrie, Politik und Medien<\/li>\n<li>Entwicklung und Begleitung von Forschungsprojekten<\/li>\n<li>Professionelle \u00dcbersetzungen (deutsch-englisch, englisch-deutsch) in enger Zusammenarbeit mit  <a href=\"http:\/\/www.transkate.de\/\" target=\"_blank\">Betty Haire Weyerer und Kate Weyerer<\/a><\/li>\n<\/ul>\n<p><strong>So erreichen Sie mich:<\/strong> <a href=\"mailto:info@siegfried-weyerer.de\"><strong>Email<\/strong><\/a><\/p>\n","protected":false},"excerpt":{"rendered":"<p>\u201eGar nicht krank ist auch nicht gesund\u201d \u00a0 Karl Valentin Herzlich Willkommen! Sch\u00f6n, dass Sie sich f\u00fcr meine Arbeit interessieren. Aufgrund meiner langj\u00e4hrigen Lehr- und Forschungst\u00e4tigkeit an der Psychiatrischen Universit\u00e4tsklinik M\u00fcnchen und am Zentralinstitut f\u00fcr Seelische Gesundheit in Mannheim verf\u00fcge ich \u00fcber umfangreiche Erfahrungen auf folgenden Arbeitsgebieten: Ziele, Aufgaben und Methoden der Epidemiologie H\u00e4ufigkeit, Verlauf, [&hellip;]<\/p>\n","protected":false},"author":1,"featured_media":0,"parent":0,"menu_order":1,"comment_status":"closed","ping_status":"closed","template":"","meta":[],"_links":{"self":[{"href":"https:\/\/siegfried-weyerer.de\/index.php?rest_route=\/wp\/v2\/pages\/2"}],"collection":[{"href":"https:\/\/siegfried-weyerer.de\/index.php?rest_route=\/wp\/v2\/pages"}],"about":[{"href":"https:\/\/siegfried-weyerer.de\/index.php?rest_route=\/wp\/v2\/types\/page"}],"author":[{"embeddable":true,"href":"https:\/\/siegfried-weyerer.de\/index.php?rest_route=\/wp\/v2\/users\/1"}],"replies":[{"embeddable":true,"href":"https:\/\/siegfried-weyerer.de\/index.php?rest_route=%2Fwp%2Fv2%2Fcomments&post=2"}],"version-history":[{"count":41,"href":"https:\/\/siegfried-weyerer.de\/index.php?rest_route=\/wp\/v2\/pages\/2\/revisions"}],"predecessor-version":[{"id":333,"href":"https:\/\/siegfried-weyerer.de\/index.php?rest_route=\/wp\/v2\/pages\/2\/revisions\/333"}],"wp:attachment":[{"href":"https:\/\/siegfried-weyerer.de\/index.php?rest_route=%2Fwp%2Fv2%2Fmedia&parent=2"}],"curies":[{"name":"wp","href":"https:\/\/api.w.org\/{rel}","templated":true}]}}