{"id":110,"date":"2014-11-07T16:38:21","date_gmt":"2014-11-07T16:38:21","guid":{"rendered":"http:\/\/siegfried-weyerer.de\/?page_id=110"},"modified":"2020-11-03T22:10:19","modified_gmt":"2020-11-03T22:10:19","slug":"andere-zeitschriften-2","status":"publish","type":"page","link":"https:\/\/siegfried-weyerer.de\/?page_id=110","title":{"rendered":"Andere Zeitschriften"},"content":{"rendered":"<p><strong>Seit 2015<\/strong><\/p>\n<ul>\n<li>Weyerer\u00a0 S, Sch\u00e4ufele\u00a0 M (2017) Epidemiologie\u00a0 des Alkoholkonsums und alkoholbezogener St\u00f6rungen\u00a0 im h\u00f6heren Alter. SUCHT 63 (2), 69-80.<\/li>\n<\/ul>\n<p><strong>2014-2010<\/strong><\/p>\n<ul>\n<li>Weyerer S, Werle J (2014) Arthrose der Gelenke \u2013 Krankheitsbild, Risikofaktoren, Pr\u00e4vention und Therapie. Mobiles Leben 4, 5-9<\/li>\n<li>Weyerer S, Sch\u00e4ufele M (2014) Alkoholprobleme im h\u00f6heren Lebensalter: Epidemiologie und M\u00f6glichkeiten der Intervention. Informationsdienst Altersfragen 5, 3-9<\/li>\n<li>Werle J, Weyerer S (2014). Der \u00e4ltere Sturzpatient. Mobiles Leben 3, 19-25<\/li>\n<li>Werle J, Weyerer S (2014) Lebensqualit\u00e4t trotz Osteoporose \u2013 ein ganzheitliches Konzept der Bewegungstherapie. Mobiles Leben 1, 19-23<\/li>\n<li>Weyerer S, Sch\u00e4ufele M (2014) Alkoholabusus: Riskanter Konsum \u00e4lterer Menschen in Privathaushalt und Pflegeheim. NeuroTransmitter 25 (1), 60-66<\/li>\n<li>Weyerer S, Werle M (2013) K\u00f6rperliche Erkrankungen im h\u00f6heren Alter. Mobiles Leben 4, 5-7<\/li>\n<li>Weyerer S, Werle J (2012) Sucht im Alter. Mobiles Leben 3, 14-16<\/li>\n<li>Weyerer S, Werle J (2012) Depression im Alter. Mobiles Leben 2, 15-17<\/li>\n<li>Sch\u00e4ufele M, Hoell A, Hendlmeier I, Weyerer S (2012) K\u00f6nnen Mobilit\u00e4t und Sicherheit bei Menschen mit Demenz in Pflegeheimen gef\u00f6rdert werden? Public Health Forum 20 (74), 33-35<\/li>\n<li>Weyerer S, Werle J (2011) Herausforderung Demenz. Mobiles Leben 2, 11-14<\/li>\n<li>Weyerer S, Werle J (2011) M\u00f6glichkeiten zur Pr\u00e4vention von Demenz. Mobiles Leben 3, 18-19<\/li>\n<li>Weyerer S, Werle J (2011) Herausforderung Demenz. Mobiles Leben 2, 11-14<\/li>\n<\/ul>\n<p><strong>2009-2005<\/strong><\/p>\n<ul>\n<li>Weyerer S (2009) Alkohol im Altersheim \u2013 \u00dcber Sucht im Alter. Aktion Mensch. Tagebuch-Eintrag, 13. Dezember 2009<\/li>\n<li>Sch\u00e4ufele, M., Weyerer, S (2009) \u00c4rztliche Versorgung und Lebensqualit\u00e4t in deutschen Pflegeheimen: Ergebnisse einer bundesweiten repr\u00e4sentativen Studie. Die BKK. Zeitschrift der Betrieblichen Krankenversicherung 97, 572-576<\/li>\n<li>Sch\u00e4ufele, Weyerer S (2009) \u00c4rztliche Versorgung demenziell Erkrankter. Wo bleibt der Arzt. Altenheim 48, 14-18<\/li>\n<li>Weyerer S (2009) Wechselwirkungen zwischen k\u00f6rperlichen und psychischen Erkrankungen. Mobiles Leben 21, 8-10<\/li>\n<li>Sch\u00e4ufele M, K\u00f6hler L, Weyerer S (2008) Station\u00e4re Pflege Demenzkranker. Antworten auf eine Herausforderung. Altenheim 11, 16-19<\/li>\n<li>Weyerer S (2007) Abh\u00e4ngigkeit von Medikamenten. Ein Problem mit fatalen Folgen. Pflegemagazin NOVA 9, 14-17<\/li>\n<li>Weyerer S, Sch\u00e4ufele M (2007) Freiheitseinschr\u00e4nkende Massnahmen in Einrichtungen der Altenhilfe: Ein Vergleich zwischen besonderer und traditionell integrativer Versorgung. Neurogeriatrie 4, 29<\/li>\n<li>Weyerer S, Sch\u00e4ufele M (2006) Demenzielle Erkrankungen: Risikofaktoren und M\u00f6glichkeiten der Pr\u00e4vention. Pr\u00e4vention-Zeitschrift f\u00fcr Gesundheitsf\u00f6rderung 4, 102-105<\/li>\n<li>Weyerer S, Sch\u00e4ufele M, Hendlmeier I (2006) Dementia among residents in nursing homes in Germany: A comparison of special segregative care and traditional integrative care. Clinica Psiquiatrica, supplement 1, 44-45<\/li>\n<li>Weyerer S, Sch\u00e4ufele M, Hendlmeier I (2006) Alcohol abuse and -dependence in nursing homes: A survey in Mannheim, Germany. Turkish Journal of Psychiatry 17, Supplement 1 (2006), 140-141<\/li>\n<li>Sch\u00e4ufele M, L. K\u00f6hler, Teufel S, Weyerer S (2006) Dementia in Germany: A community-based study on the burden of care. Turkish Journal of Psychiatry 17, Supplement 1, 141<\/li>\n<li>Weyerer S, Sch\u00e4ufele M, Hendlmeier I: (2006) Nimmt der Alkoholkonsum im Alter ab? Eine Verlaufsstudie zu Alkoholmissbrauch und -abh\u00e4ngigkeit bei Bewohnern in Mannheimer Altenpflegeheimen (1995-2003). Information aktuell 29, 12-14<\/li>\n<li>Weyerer S (2005) Methodological issues in the assessment of quality of life dementia. Psychiatric News<\/li>\n<li>Weyerer S, Sch\u00e4ufele M, Hendlmeier I (2005) Lebens- und Betreuungsqualit\u00e4t demenzkranker Menschen in der besonderen station\u00e4ren Betreuung: Segregative und teilsegregative Versorgung im Vergleich. Pflege und Gesellschaft 10 (2), 90-96<\/li>\n<li>Weyerer S, Sch\u00e4ufele M, Hendlmeier I (2005) Besondere station\u00e4re Dementenbetreuung. Viel Aufwand &#8211; noch mehr Nutzen. Altenheim 44, 14-16<\/li>\n<li>Weyerer S, Sch\u00e4ufele M, Hendlmeier I (2005) Die \u201eBesondere Station\u00e4re Dementenbetreuung\u201c in Hamburg: Aktuelle Ergebnisse einer Evaluationsstudie. Information aktuell 28(1), 10-14<\/li>\n<li>Weyerer S, Sch\u00e4ufele M, Hendlmeier I (2005) Besondere station\u00e4re Dementenbetreuung. Mehr Zufriedenheit, weniger Burn-Out. Altenheim 44, 18-20<\/li>\n<\/ul>\n<p><strong>2004-2000<\/strong><\/p>\n<ul>\n<li>Weyerer S, Lopes RG (2004) Comorbilidade de doencas organicas e psiquicas. Revista de Psichiatria Consiliar e de Liga cao 19 (1)<\/li>\n<li>Weyerer S (2003) Missbrauch und Abh\u00e4ngigkeit von Alkohol und Benzodiazepinen im h\u00f6heren Alter. SuchtMagazin 4, 3-8<\/li>\n<li>Weyerer S (2003) Epidemiologie und Versorgung demenzieller Erkrankungen. Psychomed 15\/3, 138-142<\/li>\n<li>Weyerer S, Rudolf A, Sattel H, Sch\u00e4ufele M, Teufel S (2002) Spezifische Belastungen in der ambulanten Pflege. Heilberufe. Das Pflegemagazin 54, 50-51<\/li>\n<li>Sch\u00e4ufele M, Bickel H, Weyerer S (2000) Cognitive status and its impact on mortality and institutionalization in old age: A nine years follow-up study. Psychiatria Danubina 12, 95<\/li>\n<li>Weyerer S, Sch\u00e4ufele M (2000) Psychotropic medication use and the risk of falls in old age. Psychiatria Danubina 12, 97-98<\/li>\n<li>Zimber A, Weyerer S (2000) Occupational stress and mental health problems in nursing home staff. Psychiatria Danubina 12, 98<\/li>\n<li>Zimber A, Albrecht A, Weyerer S (2000) Die Beanspruchungssituation in der station\u00e4ren Altenpflege. PFLEGE AKTUELL 5, 272-275<\/li>\n<\/ul>\n<p><strong>1999-1995<\/strong><\/p>\n<ul>\n<li>Sch\u00e4ufele M, Weyerer S (1999) Psychopharmakagebrauch und Sturzrisiko im Heim: Zusammenhang und Pr\u00e4ventionsm\u00f6glichkeiten. Altenpflege-Forum 7, 12-18<\/li>\n<li>Weyerer S (1999) Medikamentenabh\u00e4ngigkeit und Polymedikation als Problem. Med-Report 23, 3<\/li>\n<li>Weyerer S (1999) Benzodiazepingebrauch im h\u00f6heren Lebensalter: Sucht auf Rezept? Neuro-Psychiatrische Nachrichten 8, 15<\/li>\n<li>Zimber A, Weyerer S (1999) Fakten zur Tagespflege. Ergebnisse einer Untersuchung in acht badischen St\u00e4dten. Altenheim 3, 34-41<\/li>\n<li>Zimber A, Weyerer S (1998) Gesundheitsrisiken und Gesundheitsschutz in der Altenpflege. zi information 21 (2), 28-29<\/li>\n<li>Weyerer S (1998) Sucht im Alter. zi information 21 (2), 24<\/li>\n<li>Zimber A, Weyerer S (1998) Arbeitsbelastungen in der Altenpflege vor und nach Einf\u00fchrung der Pflegeversicherung: Eine Verlaufsstudie in Mannheimer Heimen. zi\u00a0information 21, 5-11<\/li>\n<li>Weyerer S, Zimber A (1997) Arbeitsbedingungen und Arbeitsbelastungen in der Altenpflege. zi information 20, 31-33<\/li>\n<li>Weyerer S, Zimber A (1997) Viel Stress und wenig Anerkennung. Altenheim 3, 14-21<\/li>\n<li>Weyerer S (1997) Psychopharmakagebrauch Hochbetagter. Einnahmeverhalten in Mannheimer Altenheimen. TW Neurologie Psychiatrie 11, 48-53<\/li>\n<li>Weyerer S (1995) Wie h\u00e4ufig sind eigentlich die psychischen Erkrankungen? Forschung und Praxis 14, 4-6<\/li>\n<li>Weyerer S (1995) Altenheimbewohner &#8211; eine Hochrisikogruppe f\u00fcr den Gebrauch von Psychopharmaka. Der Eppendorfer 10, 14-15<\/li>\n<\/ul>\n<p><strong>1994 und fr\u00fcher<\/strong><\/p>\n<ul>\n<li>Weyerer S (1993) Die psychopharmakologische Behandlung psychisch Kranker in der Allgemeinbev\u00f6lkerung. Sandorama 2, 10-13<\/li>\n<li>Weyerer S (1992) Care of psychiatric disorders in the elderly. Anales de Psiquiatria 8, Suppl. 1, 17<\/li>\n<li>Weyerer S, Dilling H (1991) Psychiatric and physical illness, sociodemographic characteristics, and the use of psychotropic drugs in the community: Results from the Upper Bavarian Field Study. Psychiatry Digest 8, 28-29<\/li>\n<li>Zintl-Wiegand A, Weyerer S, Krumm B (1989) Psychiatric disorders among the adolescent clientele in general medical practices. Medicine and Mind 4, 71-84<\/li>\n<li>Weyerer S (1990) Einschr\u00e4nkung der Alltagsaktivit\u00e4ten und psychische Gesundheit im Alter: Ansatzpunkte f\u00fcr sportliche Interventionsprogramme. Gesundheitssport und Sporttherapie 3, 3-7<\/li>\n<li>Weiss N, Werle J, Rieder H, Weyerer S (1989) Entwicklung und Reliabilit\u00e4t eines Sportmotoriktests f\u00fcr \u00e4ltere Menschen. Motop\u00e4de 3, 27-28<\/li>\n<li>Diallina M, Fichter MM, Weyerer S (1987) Psychiatrische Erkrankungen bei Jugendlichen in M\u00fcnchen und im Heimatland (Veria). Empirische Untersuchung zur Pr\u00e4valenz psychischer Erkrankungen und Analyse soziokultureller Einfl\u00fcsse. Minerva Medica Greca, Athen<\/li>\n<\/ul>\n","protected":false},"excerpt":{"rendered":"<p>Seit 2015 Weyerer\u00a0 S, Sch\u00e4ufele\u00a0 M (2017) Epidemiologie\u00a0 des Alkoholkonsums und alkoholbezogener St\u00f6rungen\u00a0 im h\u00f6heren Alter. SUCHT 63 (2), 69-80. 2014-2010 Weyerer S, Werle J (2014) Arthrose der Gelenke \u2013 Krankheitsbild, Risikofaktoren, Pr\u00e4vention und Therapie. Mobiles Leben 4, 5-9 Weyerer S, Sch\u00e4ufele M (2014) Alkoholprobleme im h\u00f6heren Lebensalter: Epidemiologie und M\u00f6glichkeiten der Intervention. Informationsdienst Altersfragen [&hellip;]<\/p>\n","protected":false},"author":1,"featured_media":0,"parent":0,"menu_order":0,"comment_status":"closed","ping_status":"closed","template":"","meta":[],"_links":{"self":[{"href":"https:\/\/siegfried-weyerer.de\/index.php?rest_route=\/wp\/v2\/pages\/110"}],"collection":[{"href":"https:\/\/siegfried-weyerer.de\/index.php?rest_route=\/wp\/v2\/pages"}],"about":[{"href":"https:\/\/siegfried-weyerer.de\/index.php?rest_route=\/wp\/v2\/types\/page"}],"author":[{"embeddable":true,"href":"https:\/\/siegfried-weyerer.de\/index.php?rest_route=\/wp\/v2\/users\/1"}],"replies":[{"embeddable":true,"href":"https:\/\/siegfried-weyerer.de\/index.php?rest_route=%2Fwp%2Fv2%2Fcomments&post=110"}],"version-history":[{"count":8,"href":"https:\/\/siegfried-weyerer.de\/index.php?rest_route=\/wp\/v2\/pages\/110\/revisions"}],"predecessor-version":[{"id":489,"href":"https:\/\/siegfried-weyerer.de\/index.php?rest_route=\/wp\/v2\/pages\/110\/revisions\/489"}],"wp:attachment":[{"href":"https:\/\/siegfried-weyerer.de\/index.php?rest_route=%2Fwp%2Fv2%2Fmedia&parent=110"}],"curies":[{"name":"wp","href":"https:\/\/api.w.org\/{rel}","templated":true}]}}